{"id":170,"date":"2015-04-16T15:53:02","date_gmt":"2015-04-16T14:53:02","guid":{"rendered":"http:\/\/www.location-grange-pyrenees.com\/fr\/?page_id=170"},"modified":"2020-05-19T16:03:12","modified_gmt":"2020-05-19T15:03:12","slug":"services-grange-de-jules","status":"publish","type":"page","link":"http:\/\/www.location-grange-pyrenees.com\/fr\/services-grange-de-jules\/","title":{"rendered":"Services + des Granges de Jules"},"content":{"rendered":"<p>\u25baLivraison pain aux granges &nbsp; \u25baRepas buffet mis \u00e0 disposition &nbsp; \u25baLivraison Ski &nbsp; \u25baForfaits ski aux granges<\/p>\n<p style=\"text-align: center;\"><em><span style=\"color: #6b0328;\">\u00ab Pr\u00e9cisez que vous venez de la part de Claude et Christine des Granges de Jules \u00bb<\/span><\/em><br \/>\n<em> <span style=\"color: #6b0328;\"> Pour les tarifs \u00ab amis \u00bb\u2026<\/span><\/em><\/p>\n<p>Et bien d&rsquo;autres avantages &#8230; Choisissez :<\/p>\n<ul>\n<li><strong>Prestation de restauration a domicile dans la vall\u00e9e du Louron par <a href=\"https:\/\/www.facebook.com\/silvousplaitcheffred\/\" target=\"_blank\" rel=\"noopener noreferrer\">S&rsquo;il vous plait chef Fred, clic !<\/a><\/strong><\/li>\n<li><strong><a href=\"https:\/\/www.facebook.com\/picetplanche\" target=\"_blank\" rel=\"noopener noreferrer\">Outdoor cooking un concept innovant par Pic et Planche, clic ici<\/a><\/strong><\/li>\n<li><strong>BUFFET REPAS CHAUD OU FROID<\/strong> &nbsp;:&nbsp;mise \u00e0 disposition de repas <a href=\"mailto:chris.mellier@orange.fr\">Christophe Mellier<\/a>&nbsp; Auberge de Germ tel&nbsp;05 62 40 03 97 mob&nbsp;07 87 14 06 62<\/li>\n<li><strong>PAIN VIENNOISERIERS ET PATISSERIES<\/strong> :&nbsp;Livraison aux Granges&nbsp;(sur appel avant 18 h la veille)&nbsp;Boulangerie Grang\u00e9&nbsp;\u00e0 ARREAU 05 62 39 55 64<\/li>\n<li><strong>BOISSONS, VINS<\/strong> : Famille Ozun &#8211;&nbsp;Caves Ozun&nbsp;\u00c0 Sarrancolin &nbsp;t\u00e9l&nbsp;05 62 98 76 77<\/li>\n<\/ul>\n<h4>Toutes activit\u00e9s de montagne au d\u00e9part des Granges de Jules<\/h4>\n<ul>\n<li><strong>Parcours suspendu Escalade Via Ferrata&nbsp;Canyonning Rafting VTT<\/strong> etc &nbsp;\u2026. :&nbsp;<a href=\"http:\/\/www.canyon-saintlary.com\" target=\"_blank\" rel=\"noopener noreferrer\">Eric Delcasso<\/a>&nbsp;T\u00e9l&nbsp;05 62 39 49 90<\/li>\n<li><strong>RANDONNEE PERSONNALISEE<\/strong> :&nbsp;encadr\u00e9e par des Accompagnateurs dipl\u00f4m\u00e9s d&rsquo;\u00e9tat et passionn\u00e9s par les Vall\u00e9e d&rsquo;Aure et du Louron &#8211;<br \/>\nD\u00e9couverte ou sportif &#8211;&nbsp;d\u00e9part des granges ou d\u2019ailleurs<br \/>\n<a href=\"mailto:contact@location-grange-pyrenees.com\" target=\"_blank\" rel=\"noopener noreferrer\">Claude ARRIAS<\/a> 06 80 84 80 28<br \/>\nSortie de jour et de nuit \u00e0 la lampe frontale ! th\u00e8mes histoire du pays&nbsp;milieu naturel patrimoine et gastronomie<\/li>\n<li><strong>SPA Remise en Forme<\/strong> Soins personnalis\u00e9s : Apr\u00e8s l \u00e9ffort le r\u00e9confort !!!!<br \/>\nPar un Kin\u00e9-Ost\u00e9opathe exp\u00e9riment\u00e9\u2026 <a href=\"http:\/\/www.spadelardoisiere.com\" target=\"_blank\" rel=\"noopener noreferrer\">Denis et Laurence Raphaneau<\/a><br \/>\nSoins aux granges sur demande selon dispo\u2026&nbsp;06 11 27 48 9948<\/li>\n<li><strong>MISE A DISPOSITION DE FORFAITS SKI PEYRAGUDES<\/strong><br \/>\naux granges de Jules, sur demande (\u00e0 tarifs r\u00e9duits) Christine ARRIAS 06 87 60 30 90<\/li>\n<li><strong>LOCATION DE MATERIEL<\/strong> &nbsp;de ski et de montagne \u00e0 tarifs r\u00e9duits (avec livraison sur demande) Eric Delcasso<br \/>\n<a href=\"http:\/\/www.location-skis-saint-lary.com\" target=\"_blank\" rel=\"noopener noreferrer\">Kangri sports<\/a> 05 62 39 49 90<br \/>\nLocation de mat\u00e9riel de ski et de montagne \u00e0 tarifs r\u00e9duits ( pied de pistes Peyragudes) Sarrat Brothers&nbsp;Sarrat Sports 05 62 99 64 89<\/li>\n<li><strong>FORFAITS SKI<\/strong><br \/>\nrenseignements CONTACT TEL ECOLE DE SKI TEL<br \/>\n<a href=\"http:\/\/www.peyragudes.com\" target=\"_blank\" rel=\"noopener noreferrer\">Station de PEYRAGUDES<\/a>&nbsp;caisse groupe&nbsp;SABINE 05 62 99 62 87<\/li>\n<li><strong>SORTIE RAQUETTES<\/strong> ou Randonn\u00e9e personnalis\u00e9e\u2026encadr\u00e9e par des Accompagnateurs dipl\u00f4m\u00e9s d&rsquo;\u00e9tat et passionn\u00e9s par les Vall\u00e9e d&rsquo;Aure et du Louron<br \/>\nd\u00e9part des granges ou d\u2019ailleurs : &#8211;&nbsp;<a href=\"mailto:contact@location-grange-pyrenees.com\" target=\"_blank\" rel=\"noopener noreferrer\">Claude ARRIAS<\/a> &#8211;&nbsp;06 80 84 80 28<br \/>\nSportif \u00e0 th\u00e8me nature Eric 05 62 39 49 90 <a href=\"http:\/\/www.raquettes-pyrenees.com\" target=\"_blank\" rel=\"noopener noreferrer\">www.raquettes-pyrenees.com<\/a><br \/>\nPyr\u00e9n\u00e9es et patrimoine local G\u00e9rard 05 62 39 90 91 <a href=\"http:\/\/www.pyrenees-rando.com\" target=\"_blank\" rel=\"noopener noreferrer\">www.pyrenees-rando.com<\/a><\/li>\n<\/ul>\n<p><img loading=\"lazy\" class=\"aligncenter size-full wp-image-738\" src=\"http:\/\/www.location-grange-pyrenees.com\/fr\/wp-content\/uploads\/2020\/05\/services-grange-de-jules-hautes-pyrenees.jpg\" alt=\"services-grange-de-jules-hautes-pyrenees\" width=\"650\" height=\"238\" srcset=\"http:\/\/www.location-grange-pyrenees.com\/fr\/wp-content\/uploads\/2020\/05\/services-grange-de-jules-hautes-pyrenees.jpg 650w, http:\/\/www.location-grange-pyrenees.com\/fr\/wp-content\/uploads\/2020\/05\/services-grange-de-jules-hautes-pyrenees-300x110.jpg 300w\" sizes=\"(max-width: 650px) 100vw, 650px\" \/><\/p>\n<p>&nbsp;<\/p>\n","protected":false},"excerpt":{"rendered":"<p>\u25baLivraison pain aux granges &nbsp; \u25baRepas buffet mis \u00e0 disposition &nbsp; \u25baLivraison Ski &nbsp; \u25baForfaits ski aux granges \u00ab Pr\u00e9cisez que vous venez de la part de Claude et Christine des Granges de Jules \u00bb Pour les tarifs \u00ab amis \u00bb\u2026 Et bien d&rsquo;autres avantages &#8230; Choisissez : Prestation de restauration a domicile dans la [&hellip;]<\/p>\n","protected":false},"author":1,"featured_media":0,"parent":0,"menu_order":7,"comment_status":"closed","ping_status":"closed","template":"","meta":{"ngg_post_thumbnail":0},"yoast_head":"<!-- This site is optimized with the Yoast SEO plugin v18.1 - https:\/\/yoast.com\/wordpress\/plugins\/seo\/ -->\n<meta name=\"description\" content=\"Services compl\u00e9mentaires pour la location aux Granges de Jules. Louer un gite de qualit\u00e9, \u00e9tablissement de charme et de grand confort proche Peyragudes\" \/>\n<meta name=\"robots\" content=\"index, follow, max-snippet:-1, max-image-preview:large, max-video-preview:-1\" \/>\n<link rel=\"canonical\" href=\"http:\/\/www.location-grange-pyrenees.com\/fr\/services-grange-de-jules\/\" \/>\n<meta property=\"og:locale\" content=\"fr_FR\" \/>\n<meta property=\"og:type\" content=\"article\" \/>\n<meta property=\"og:title\" content=\"Services en plus dans la location gite Pyr\u00e9n\u00e9es\" \/>\n<meta property=\"og:description\" content=\"Services compl\u00e9mentaires pour la location aux Granges de Jules. Louer un gite de qualit\u00e9, \u00e9tablissement de charme et de grand confort proche Peyragudes\" \/>\n<meta property=\"og:url\" content=\"http:\/\/www.location-grange-pyrenees.com\/fr\/services-grange-de-jules\/\" \/>\n<meta property=\"og:site_name\" content=\"Les Granges de Jules\" \/>\n<meta property=\"article:modified_time\" content=\"2020-05-19T15:03:12+00:00\" \/>\n<meta property=\"og:image\" content=\"http:\/\/www.location-grange-pyrenees.com\/fr\/wp-content\/uploads\/2020\/05\/services-grange-de-jules-hautes-pyrenees.jpg\" \/>\n<meta name=\"twitter:card\" content=\"summary\" \/>\n<meta name=\"twitter:label1\" content=\"Dur\u00e9e de lecture estim\u00e9e\" \/>\n\t<meta name=\"twitter:data1\" content=\"2 minutes\" \/>\n<script type=\"application\/ld+json\" class=\"yoast-schema-graph\">{\"@context\":\"https:\/\/schema.org\",\"@graph\":[{\"@type\":\"WebSite\",\"@id\":\"https:\/\/www.location-grange-pyrenees.com\/fr\/#website\",\"url\":\"https:\/\/www.location-grange-pyrenees.com\/fr\/\",\"name\":\"Les Granges de Jules\",\"description\":\"Location grange dans les Pyr\u00e9n\u00e9es\",\"potentialAction\":[{\"@type\":\"SearchAction\",\"target\":{\"@type\":\"EntryPoint\",\"urlTemplate\":\"https:\/\/www.location-grange-pyrenees.com\/fr\/?s={search_term_string}\"},\"query-input\":\"required name=search_term_string\"}],\"inLanguage\":\"fr-FR\"},{\"@type\":\"ImageObject\",\"@id\":\"http:\/\/www.location-grange-pyrenees.com\/fr\/services-grange-de-jules\/#primaryimage\",\"inLanguage\":\"fr-FR\",\"url\":\"http:\/\/www.location-grange-pyrenees.com\/fr\/wp-content\/uploads\/2020\/05\/services-grange-de-jules-hautes-pyrenees.jpg\",\"contentUrl\":\"http:\/\/www.location-grange-pyrenees.com\/fr\/wp-content\/uploads\/2020\/05\/services-grange-de-jules-hautes-pyrenees.jpg\",\"width\":650,\"height\":238,\"caption\":\"services-grange-de-jules-hautes-pyrenees\"},{\"@type\":\"WebPage\",\"@id\":\"http:\/\/www.location-grange-pyrenees.com\/fr\/services-grange-de-jules\/#webpage\",\"url\":\"http:\/\/www.location-grange-pyrenees.com\/fr\/services-grange-de-jules\/\",\"name\":\"Services en plus dans la location gite Pyr\u00e9n\u00e9es\",\"isPartOf\":{\"@id\":\"https:\/\/www.location-grange-pyrenees.com\/fr\/#website\"},\"primaryImageOfPage\":{\"@id\":\"http:\/\/www.location-grange-pyrenees.com\/fr\/services-grange-de-jules\/#primaryimage\"},\"datePublished\":\"2015-04-16T14:53:02+00:00\",\"dateModified\":\"2020-05-19T15:03:12+00:00\",\"description\":\"Services compl\u00e9mentaires pour la location aux Granges de Jules. Louer un gite de qualit\u00e9, \u00e9tablissement de charme et de grand confort proche Peyragudes\",\"breadcrumb\":{\"@id\":\"http:\/\/www.location-grange-pyrenees.com\/fr\/services-grange-de-jules\/#breadcrumb\"},\"inLanguage\":\"fr-FR\",\"potentialAction\":[{\"@type\":\"ReadAction\",\"target\":[\"http:\/\/www.location-grange-pyrenees.com\/fr\/services-grange-de-jules\/\"]}]},{\"@type\":\"BreadcrumbList\",\"@id\":\"http:\/\/www.location-grange-pyrenees.com\/fr\/services-grange-de-jules\/#breadcrumb\",\"itemListElement\":[{\"@type\":\"ListItem\",\"position\":1,\"name\":\"Accueil\",\"item\":\"https:\/\/www.location-grange-pyrenees.com\/fr\/\"},{\"@type\":\"ListItem\",\"position\":2,\"name\":\"Services + des Granges de Jules\"}]}]}<\/script>\n<!-- \/ Yoast SEO plugin. -->","yoast_head_json":{"description":"Services compl\u00e9mentaires pour la location aux Granges de Jules. Louer un gite de qualit\u00e9, \u00e9tablissement de charme et de grand confort proche Peyragudes","robots":{"index":"index","follow":"follow","max-snippet":"max-snippet:-1","max-image-preview":"max-image-preview:large","max-video-preview":"max-video-preview:-1"},"canonical":"http:\/\/www.location-grange-pyrenees.com\/fr\/services-grange-de-jules\/","og_locale":"fr_FR","og_type":"article","og_title":"Services en plus dans la location gite Pyr\u00e9n\u00e9es","og_description":"Services compl\u00e9mentaires pour la location aux Granges de Jules. Louer un gite de qualit\u00e9, \u00e9tablissement de charme et de grand confort proche Peyragudes","og_url":"http:\/\/www.location-grange-pyrenees.com\/fr\/services-grange-de-jules\/","og_site_name":"Les Granges de Jules","article_modified_time":"2020-05-19T15:03:12+00:00","og_image":[{"url":"http:\/\/www.location-grange-pyrenees.com\/fr\/wp-content\/uploads\/2020\/05\/services-grange-de-jules-hautes-pyrenees.jpg"}],"twitter_card":"summary","twitter_misc":{"Dur\u00e9e de lecture estim\u00e9e":"2 minutes"},"schema":{"@context":"https:\/\/schema.org","@graph":[{"@type":"WebSite","@id":"https:\/\/www.location-grange-pyrenees.com\/fr\/#website","url":"https:\/\/www.location-grange-pyrenees.com\/fr\/","name":"Les Granges de Jules","description":"Location grange dans les Pyr\u00e9n\u00e9es","potentialAction":[{"@type":"SearchAction","target":{"@type":"EntryPoint","urlTemplate":"https:\/\/www.location-grange-pyrenees.com\/fr\/?s={search_term_string}"},"query-input":"required name=search_term_string"}],"inLanguage":"fr-FR"},{"@type":"ImageObject","@id":"http:\/\/www.location-grange-pyrenees.com\/fr\/services-grange-de-jules\/#primaryimage","inLanguage":"fr-FR","url":"http:\/\/www.location-grange-pyrenees.com\/fr\/wp-content\/uploads\/2020\/05\/services-grange-de-jules-hautes-pyrenees.jpg","contentUrl":"http:\/\/www.location-grange-pyrenees.com\/fr\/wp-content\/uploads\/2020\/05\/services-grange-de-jules-hautes-pyrenees.jpg","width":650,"height":238,"caption":"services-grange-de-jules-hautes-pyrenees"},{"@type":"WebPage","@id":"http:\/\/www.location-grange-pyrenees.com\/fr\/services-grange-de-jules\/#webpage","url":"http:\/\/www.location-grange-pyrenees.com\/fr\/services-grange-de-jules\/","name":"Services en plus dans la location gite Pyr\u00e9n\u00e9es","isPartOf":{"@id":"https:\/\/www.location-grange-pyrenees.com\/fr\/#website"},"primaryImageOfPage":{"@id":"http:\/\/www.location-grange-pyrenees.com\/fr\/services-grange-de-jules\/#primaryimage"},"datePublished":"2015-04-16T14:53:02+00:00","dateModified":"2020-05-19T15:03:12+00:00","description":"Services compl\u00e9mentaires pour la location aux Granges de Jules. Louer un gite de qualit\u00e9, \u00e9tablissement de charme et de grand confort proche Peyragudes","breadcrumb":{"@id":"http:\/\/www.location-grange-pyrenees.com\/fr\/services-grange-de-jules\/#breadcrumb"},"inLanguage":"fr-FR","potentialAction":[{"@type":"ReadAction","target":["http:\/\/www.location-grange-pyrenees.com\/fr\/services-grange-de-jules\/"]}]},{"@type":"BreadcrumbList","@id":"http:\/\/www.location-grange-pyrenees.com\/fr\/services-grange-de-jules\/#breadcrumb","itemListElement":[{"@type":"ListItem","position":1,"name":"Accueil","item":"https:\/\/www.location-grange-pyrenees.com\/fr\/"},{"@type":"ListItem","position":2,"name":"Services + des Granges de Jules"}]}]}},"_links":{"self":[{"href":"http:\/\/www.location-grange-pyrenees.com\/fr\/wp-json\/wp\/v2\/pages\/170"}],"collection":[{"href":"http:\/\/www.location-grange-pyrenees.com\/fr\/wp-json\/wp\/v2\/pages"}],"about":[{"href":"http:\/\/www.location-grange-pyrenees.com\/fr\/wp-json\/wp\/v2\/types\/page"}],"author":[{"embeddable":true,"href":"http:\/\/www.location-grange-pyrenees.com\/fr\/wp-json\/wp\/v2\/users\/1"}],"replies":[{"embeddable":true,"href":"http:\/\/www.location-grange-pyrenees.com\/fr\/wp-json\/wp\/v2\/comments?post=170"}],"version-history":[{"count":2,"href":"http:\/\/www.location-grange-pyrenees.com\/fr\/wp-json\/wp\/v2\/pages\/170\/revisions"}],"predecessor-version":[{"id":739,"href":"http:\/\/www.location-grange-pyrenees.com\/fr\/wp-json\/wp\/v2\/pages\/170\/revisions\/739"}],"wp:attachment":[{"href":"http:\/\/www.location-grange-pyrenees.com\/fr\/wp-json\/wp\/v2\/media?parent=170"}],"curies":[{"name":"wp","href":"https:\/\/api.w.org\/{rel}","templated":true}]}}