{"id":12,"date":"2015-04-13T10:19:10","date_gmt":"2015-04-13T09:19:10","guid":{"rendered":"http:\/\/www.location-grange-pyrenees.com\/fr\/?page_id=12"},"modified":"2018-02-20T13:52:26","modified_gmt":"2018-02-20T12:52:26","slug":"sejours-seminaires-pyrenees","status":"publish","type":"page","link":"http:\/\/www.location-grange-pyrenees.com\/fr\/sejours-seminaires-pyrenees\/","title":{"rendered":"S\u00e9jours s\u00e9minaires Pyr\u00e9n\u00e9es aux Granges de Jules"},"content":{"rendered":"<h4>S\u00e9jours s\u00e9minaires Pyr\u00e9n\u00e9es aux Granges de Jules \u00e9quip\u00e9es pour les groupes<\/h4>\n<p>Capacit\u00e9 jusqu&rsquo;\u00e0 24 personnes dans un endroit calme avec panorama sur les montagnes<br \/>\nWifi, \u00e9quipement technique,&nbsp;buffets chauds ou froids,&nbsp;Espace d\u00e9tente&#8230;<br \/>\nNous contacter pour toute information suppl\u00e9mentaire.<\/p>\n<h4>Stages organis\u00e9s<\/h4>\n<p style=\"text-align: center;\"><span style=\"color: #6b0328;\"><strong>\u00ab Randonn\u00e9e Douce, terroir en Pyr\u00e9n\u00e9es \u00bb : douceur, Convivialit\u00e9 entre Arreau et Saint Lary<\/strong><\/span><br \/>\n<em><small>Tout public aimant la randonn\u00e9e et\/ou la contemplation en petit groupe.<\/small><\/em><\/p>\n<p style=\"text-align: justify;\">Formule en pension compl\u00e8te avec h\u00e9bergement en centre de vacances <a href=\"http:\/\/www.centre-vacances-pyrenees.com\/chaletparentsdetailphotos.htm\" target=\"_blank\" rel=\"noopener\">formule g\u00eete<\/a>, chambres doubles twin, sanitaires individuels mais communs \u00e0 l\u2019\u00e9tage + activit\u00e9s et intervenants propos\u00e9s (1 accompagnateur BE pour 8 pers maxi) ci-dessous inclus. Les soir\u00e9es d\u00e9gustations produit du terroir, pendant les repas, vin (1\/4 l\/repas), 1 ap\u00e9ritif mentionn\u00e9 par soir, caf\u00e9 ou infusion du soir sont compris dans le prix&nbsp;<small>(acheminement de la gare de Lannemezan et pendant le s\u00e9jour en minibus 9 places ou v\u00e9hicules adapt\u00e9s selon taille du groupe) &#8211; * option massage et baln\u00e9o -Encadrement professionnel par Claude &amp; Eric<\/small><\/p>\n<p style=\"text-align: center;\"><strong><span style=\"color: #6b0328;\">Les Granges de Jules vous propose un programme indicatif selon m\u00e9t\u00e9o<\/span><br \/>\n<\/strong><small><a href=\"http:\/\/www.centre-vacances-pyrenees.com\/programme_randonnee_douce.pdf\" target=\"_blank\" rel=\"noopener\">(t\u00e9l\u00e9charger le programme)<\/a><\/small><\/p>\n<p style=\"text-align: center;\">\n\n<div class=\"ngg-galleryoverview ngg-slideshow\"\n\t id=\"ngg-slideshow-596-5702646350\"\n     data-gallery-id=\"596\"\n     style=\"max-width: 305px; max-height: 172px;\">\n\n \t<div id=\"ngg-image-0\" class=\"ngg-gallery-slideshow-image\" style=\"height:172px\">\n\n        <a href=\"http:\/\/www.location-grange-pyrenees.com\/fr\/wp-content\/gallery\/activite\/1dimanche.jpg\"\n           title=\"\"\n           data-src=\"http:\/\/www.location-grange-pyrenees.com\/fr\/wp-content\/gallery\/activite\/1dimanche.jpg\"\n           data-thumbnail=\"http:\/\/www.location-grange-pyrenees.com\/fr\/wp-content\/gallery\/activite\/thumbs\/thumbs_1dimanche.jpg\"\n           data-image-id=\"87\"\n           data-title=\"1dimanche.jpg\"\n           data-description=\"\"\n           class=\"ngg-fancybox\" rel=\"596\">\n\n            <img data-image-id='87'\n                 title=\"\"\n                 alt=\"1dimanche.jpg\"\n                 src=\"http:\/\/www.location-grange-pyrenees.com\/fr\/wp-content\/gallery\/activite\/1dimanche.jpg\"\n                 style=\"max-height: 152px;\"\/>\n        <\/a>\n\n        <\/div> \n<div id=\"ngg-image-1\" class=\"ngg-gallery-slideshow-image\" style=\"height:172px\">\n\n        <a href=\"http:\/\/www.location-grange-pyrenees.com\/fr\/wp-content\/gallery\/activite\/2lundi.jpg\"\n           title=\"\"\n           data-src=\"http:\/\/www.location-grange-pyrenees.com\/fr\/wp-content\/gallery\/activite\/2lundi.jpg\"\n           data-thumbnail=\"http:\/\/www.location-grange-pyrenees.com\/fr\/wp-content\/gallery\/activite\/thumbs\/thumbs_2lundi.jpg\"\n           data-image-id=\"88\"\n           data-title=\"2lundi.jpg\"\n           data-description=\"\"\n           class=\"ngg-fancybox\" rel=\"596\">\n\n            <img data-image-id='88'\n                 title=\"\"\n                 alt=\"2lundi.jpg\"\n                 src=\"http:\/\/www.location-grange-pyrenees.com\/fr\/wp-content\/gallery\/activite\/2lundi.jpg\"\n                 style=\"max-height: 152px;\"\/>\n        <\/a>\n\n        <\/div> \n<div id=\"ngg-image-2\" class=\"ngg-gallery-slideshow-image\" style=\"height:172px\">\n\n        <a href=\"http:\/\/www.location-grange-pyrenees.com\/fr\/wp-content\/gallery\/activite\/3mardi.jpg\"\n           title=\"\"\n           data-src=\"http:\/\/www.location-grange-pyrenees.com\/fr\/wp-content\/gallery\/activite\/3mardi.jpg\"\n           data-thumbnail=\"http:\/\/www.location-grange-pyrenees.com\/fr\/wp-content\/gallery\/activite\/thumbs\/thumbs_3mardi.jpg\"\n           data-image-id=\"89\"\n           data-title=\"3mardi.jpg\"\n           data-description=\"\"\n           class=\"ngg-fancybox\" rel=\"596\">\n\n            <img data-image-id='89'\n                 title=\"\"\n                 alt=\"3mardi.jpg\"\n                 src=\"http:\/\/www.location-grange-pyrenees.com\/fr\/wp-content\/gallery\/activite\/3mardi.jpg\"\n                 style=\"max-height: 152px;\"\/>\n        <\/a>\n\n        <\/div> \n<div id=\"ngg-image-3\" class=\"ngg-gallery-slideshow-image\" style=\"height:172px\">\n\n        <a href=\"http:\/\/www.location-grange-pyrenees.com\/fr\/wp-content\/gallery\/activite\/4mercredi.jpg\"\n           title=\"\"\n           data-src=\"http:\/\/www.location-grange-pyrenees.com\/fr\/wp-content\/gallery\/activite\/4mercredi.jpg\"\n           data-thumbnail=\"http:\/\/www.location-grange-pyrenees.com\/fr\/wp-content\/gallery\/activite\/thumbs\/thumbs_4mercredi.jpg\"\n           data-image-id=\"90\"\n           data-title=\"4mercredi.jpg\"\n           data-description=\"\"\n           class=\"ngg-fancybox\" rel=\"596\">\n\n            <img data-image-id='90'\n                 title=\"\"\n                 alt=\"4mercredi.jpg\"\n                 src=\"http:\/\/www.location-grange-pyrenees.com\/fr\/wp-content\/gallery\/activite\/4mercredi.jpg\"\n                 style=\"max-height: 152px;\"\/>\n        <\/a>\n\n        <\/div> \n<div id=\"ngg-image-4\" class=\"ngg-gallery-slideshow-image\" style=\"height:172px\">\n\n        <a href=\"http:\/\/www.location-grange-pyrenees.com\/fr\/wp-content\/gallery\/activite\/5jeudi.jpg\"\n           title=\"\"\n           data-src=\"http:\/\/www.location-grange-pyrenees.com\/fr\/wp-content\/gallery\/activite\/5jeudi.jpg\"\n           data-thumbnail=\"http:\/\/www.location-grange-pyrenees.com\/fr\/wp-content\/gallery\/activite\/thumbs\/thumbs_5jeudi.jpg\"\n           data-image-id=\"91\"\n           data-title=\"5jeudi.jpg\"\n           data-description=\"\"\n           class=\"ngg-fancybox\" rel=\"596\">\n\n            <img data-image-id='91'\n                 title=\"\"\n                 alt=\"5jeudi.jpg\"\n                 src=\"http:\/\/www.location-grange-pyrenees.com\/fr\/wp-content\/gallery\/activite\/5jeudi.jpg\"\n                 style=\"max-height: 152px;\"\/>\n        <\/a>\n\n        <\/div> \n<div id=\"ngg-image-5\" class=\"ngg-gallery-slideshow-image\" style=\"height:172px\">\n\n        <a href=\"http:\/\/www.location-grange-pyrenees.com\/fr\/wp-content\/gallery\/activite\/6vendredi.jpg\"\n           title=\"\"\n           data-src=\"http:\/\/www.location-grange-pyrenees.com\/fr\/wp-content\/gallery\/activite\/6vendredi.jpg\"\n           data-thumbnail=\"http:\/\/www.location-grange-pyrenees.com\/fr\/wp-content\/gallery\/activite\/thumbs\/thumbs_6vendredi.jpg\"\n           data-image-id=\"92\"\n           data-title=\"6vendredi.jpg\"\n           data-description=\"\"\n           class=\"ngg-fancybox\" rel=\"596\">\n\n            <img data-image-id='92'\n                 title=\"\"\n                 alt=\"6vendredi.jpg\"\n                 src=\"http:\/\/www.location-grange-pyrenees.com\/fr\/wp-content\/gallery\/activite\/6vendredi.jpg\"\n                 style=\"max-height: 152px;\"\/>\n        <\/a>\n\n        <\/div> \n<\/div>\n\n\n\n<\/p>\n<ul>\n<li><strong><span style=\"color: #339966;\"><em>Dimanche<\/em> <\/span>:<\/strong>&nbsp;Installation, ap\u00e9ritif de bienvenue&nbsp;&#8211; Pr\u00e9sentation de la semaine en fonction du groupe et des pr\u00e9visions m\u00e9t\u00e9o.<\/li>\n<li><strong><em><span style=\"color: #339966;\">Lundi<\/span> <\/em>: <a href=\"http:\/\/www.parc-pyrenees.com\/\" target=\"_blank\" rel=\"noopener\">Parc Nationaux des Pyr\u00e9n\u00e9es<\/a>&nbsp;<\/strong>: Randonn\u00e9e mise en jambe, grande matin\u00e9e \u00e0 la d\u00e9couverte de la faune (marmottes et isards) et de la flore des Parcs &#8211; Pique nique sur place le midi -retour via <a href=\"http:\/\/www.saintlary.com\" target=\"_blank\" rel=\"noopener\">Saint Lary<\/a> station anim\u00e9e de la vall\u00e9e, temps libre et visite de la maison du Parc National. D\u00e9gustation du fromage de ch\u00e8vre de Gouaux &nbsp;pendant le repas<\/li>\n<li><strong><em><span style=\"color: #339966;\">Mardi<\/span> <\/em>: R\u00e9serve naturelle du N\u00e9ouvielle et ses lacs , th\u00e8me de l&rsquo;eau\u2026<\/strong> Randonn\u00e9e autour du th\u00e8me de l\u2019eau &#8211;&nbsp;Visite de la fromagerie de Gouaux, traite des ch\u00e8vres &#8211; Soir\u00e9e d\u00e9gustation faisselle au miel du pays<\/li>\n<li><strong><em><span style=\"color: #339966;\">Mercredi<\/span> <\/em>: Sentiers de l\u2019histoire <\/strong>: Randonn\u00e9e en passant par les chemins de Saint Jacques de Compostelle. Soir\u00e9e d\u00e9gustation fromage des Pyr\u00e9n\u00e9es et sa confiture de cerise basque.<\/li>\n<li><strong><em><span style=\"color: #339966;\">Jeudi<\/span> <\/em>: Patrimoine<\/strong>&nbsp; : March\u00e9 typique \u00e0 Arreau puis balade comment\u00e9e d\u2019Arreau &#8211; Apr\u00e8s-midi : \u00bd journ\u00e9e randonn\u00e9e patrimoine au travers des villages typiques de nos vall\u00e9es.<br \/>\nOption BALNEO : pour ceux qui le souhaitent (voir descriptif en bas de page)<\/li>\n<li><strong><span style=\"color: #339966;\"><em>Vendredi<\/em> <\/span>: Pyr\u00e9n\u00e9es espagnoles<\/strong>: Randonn\u00e9e \u00e0 la d\u00e9couverte des Pyr\u00e9n\u00e9es espagnoles au travers des Sierras et Canyons \u00e0 30 minutes du centre de vacances &#8211; Soir\u00e9e d\u00e9gustation vin du terroir \u2026 avec mod\u00e9ration.<\/li>\n<li><strong><span style=\"color: #339966;\"><em>Samedi<\/em> <\/span>: Le Retour et l\u2019Au Revoir<\/strong> :&nbsp;Rangement et d\u00e9part apr\u00e8s le petit d\u00e9jeuner<\/li>\n<\/ul>\n<p style=\"text-align: center;\"><span style=\"color: #6b0328;\"><strong>Dates de s\u00e9jours :&nbsp;<\/strong><\/span>du 20\/06 au 26\/06 &nbsp;&#8211; du&nbsp;27\/06 au 03\/07<br \/>\ndu 29\/08 au 04\/09 &#8211; du&nbsp;05\/09 au 11\/09<br \/>\n<strong><span style=\"color: #6b0328;\">Prix :<\/span><\/strong> 499 euros \/ personne \/ 5 jours-6 nuits<\/p>\n<p style=\"text-align: center;\">Autres th\u00e8mes possibles, sur demande :&nbsp;Rando baln\u00e9o \/\/ Rando tonique \/\/ Rando culturelle<\/p>\n<p><strong><span style=\"color: #6b0328;\">Option D\u00e9couverte des bienfaits \u00ab\u00a0des Soins et Baln\u00e9o\u00a0\u00bb<\/span><\/strong> ( plus 39 \u20ac au programme) : http:\/\/www.spadelardoisiere.com\/<\/p>\n<ul>\n<li><img loading=\"lazy\" class=\"alignleft wp-image-457 size-full\" title=\"S\u00e9jours s\u00e9minaires Pyr\u00e9n\u00e9es aux Granges de Jules\" src=\"http:\/\/www.location-grange-pyrenees.com\/fr\/wp-content\/uploads\/2015\/04\/spa.jpg\" alt=\"S\u00e9jours s\u00e9minaires Pyr\u00e9n\u00e9es aux Granges de Jules\" width=\"200\" height=\"139\">1 massage personnalis\u00e9 de 30 mn, pour vous remettre en Forme par un masseur Kin\u00e9sith\u00e9rapeute DE confirm\u00e9 au Spa de l\u2019Ardoisi\u00e8re \u00e0 Saint-Lary suivi de l\u2019acc\u00e8s au Spa ( piscine, sauna, hammam,\u2026)<br \/>\nMASSAGE SEMI GLOBAL (30mn) :&nbsp;Relaxant am\u00e8ne la d\u00e9compression et le l\u00e2cher-prise,&nbsp;Tonique vivifie la circulation, anime l&rsquo;\u00e9nergie vitale,&nbsp;Drainant stimule et d\u00e9congestionne le syst\u00e8me nerveux,&nbsp;Personnalis\u00e9 le massage est adapt\u00e9 \u00e0 vos besoins,&nbsp;Visage apaise et d\u00e9tend les traits du visage<\/li>\n<\/ul>\n<p>&nbsp;<\/p>\n","protected":false},"excerpt":{"rendered":"<p>S\u00e9jours s\u00e9minaires Pyr\u00e9n\u00e9es aux Granges de Jules \u00e9quip\u00e9es pour les groupes Capacit\u00e9 jusqu&rsquo;\u00e0 24 personnes dans un endroit calme avec panorama sur les montagnes Wifi, \u00e9quipement technique,&nbsp;buffets chauds ou froids,&nbsp;Espace d\u00e9tente&#8230; Nous contacter pour toute information suppl\u00e9mentaire. Stages organis\u00e9s \u00ab Randonn\u00e9e Douce, terroir en Pyr\u00e9n\u00e9es \u00bb : douceur, Convivialit\u00e9 entre Arreau et Saint Lary Tout [&hellip;]<\/p>\n","protected":false},"author":1,"featured_media":0,"parent":0,"menu_order":4,"comment_status":"closed","ping_status":"closed","template":"","meta":{"ngg_post_thumbnail":0},"yoast_head":"<!-- This site is optimized with the Yoast SEO plugin v18.1 - https:\/\/yoast.com\/wordpress\/plugins\/seo\/ -->\n<meta name=\"description\" content=\"S\u00e9jours s\u00e9minaires Pyr\u00e9n\u00e9es dans un gite de grande capacit\u00e9 situ\u00e9 dans les hautes pyr\u00e9n\u00e9es - Les Granges de Jules vous accueillent\" \/>\n<meta name=\"robots\" content=\"index, follow, max-snippet:-1, max-image-preview:large, max-video-preview:-1\" \/>\n<link rel=\"canonical\" href=\"http:\/\/www.location-grange-pyrenees.com\/fr\/sejours-seminaires-pyrenees\/\" \/>\n<meta property=\"og:locale\" content=\"fr_FR\" \/>\n<meta property=\"og:type\" content=\"article\" \/>\n<meta property=\"og:title\" content=\"S\u00e9jours s\u00e9minaires Pyr\u00e9n\u00e9es aux Granges de Jules\" \/>\n<meta property=\"og:description\" content=\"S\u00e9jours s\u00e9minaires Pyr\u00e9n\u00e9es dans un gite de grande capacit\u00e9 situ\u00e9 dans les hautes pyr\u00e9n\u00e9es - Les Granges de Jules vous accueillent\" \/>\n<meta property=\"og:url\" content=\"http:\/\/www.location-grange-pyrenees.com\/fr\/sejours-seminaires-pyrenees\/\" \/>\n<meta property=\"og:site_name\" content=\"Les Granges de Jules\" \/>\n<meta property=\"article:modified_time\" content=\"2018-02-20T12:52:26+00:00\" \/>\n<meta property=\"og:image\" content=\"http:\/\/www.location-grange-pyrenees.com\/fr\/nextgen-attach_to_post\/preview\/id--596\" \/>\n<meta name=\"twitter:card\" content=\"summary\" \/>\n<meta name=\"twitter:label1\" content=\"Dur\u00e9e de lecture estim\u00e9e\" \/>\n\t<meta name=\"twitter:data1\" content=\"3 minutes\" \/>\n<script type=\"application\/ld+json\" class=\"yoast-schema-graph\">{\"@context\":\"https:\/\/schema.org\",\"@graph\":[{\"@type\":\"WebSite\",\"@id\":\"https:\/\/www.location-grange-pyrenees.com\/fr\/#website\",\"url\":\"https:\/\/www.location-grange-pyrenees.com\/fr\/\",\"name\":\"Les Granges de Jules\",\"description\":\"Location grange dans les Pyr\u00e9n\u00e9es\",\"potentialAction\":[{\"@type\":\"SearchAction\",\"target\":{\"@type\":\"EntryPoint\",\"urlTemplate\":\"https:\/\/www.location-grange-pyrenees.com\/fr\/?s={search_term_string}\"},\"query-input\":\"required name=search_term_string\"}],\"inLanguage\":\"fr-FR\"},{\"@type\":\"ImageObject\",\"@id\":\"http:\/\/www.location-grange-pyrenees.com\/fr\/sejours-seminaires-pyrenees\/#primaryimage\",\"inLanguage\":\"fr-FR\",\"url\":\"http:\/\/www.location-grange-pyrenees.com\/fr\/nextgen-attach_to_post\/preview\/id--596\",\"contentUrl\":\"http:\/\/www.location-grange-pyrenees.com\/fr\/nextgen-attach_to_post\/preview\/id--596\"},{\"@type\":\"WebPage\",\"@id\":\"http:\/\/www.location-grange-pyrenees.com\/fr\/sejours-seminaires-pyrenees\/#webpage\",\"url\":\"http:\/\/www.location-grange-pyrenees.com\/fr\/sejours-seminaires-pyrenees\/\",\"name\":\"S\u00e9jours s\u00e9minaires Pyr\u00e9n\u00e9es aux Granges de Jules\",\"isPartOf\":{\"@id\":\"https:\/\/www.location-grange-pyrenees.com\/fr\/#website\"},\"primaryImageOfPage\":{\"@id\":\"http:\/\/www.location-grange-pyrenees.com\/fr\/sejours-seminaires-pyrenees\/#primaryimage\"},\"datePublished\":\"2015-04-13T09:19:10+00:00\",\"dateModified\":\"2018-02-20T12:52:26+00:00\",\"description\":\"S\u00e9jours s\u00e9minaires Pyr\u00e9n\u00e9es dans un gite de grande capacit\u00e9 situ\u00e9 dans les hautes pyr\u00e9n\u00e9es - Les Granges de Jules vous accueillent\",\"breadcrumb\":{\"@id\":\"http:\/\/www.location-grange-pyrenees.com\/fr\/sejours-seminaires-pyrenees\/#breadcrumb\"},\"inLanguage\":\"fr-FR\",\"potentialAction\":[{\"@type\":\"ReadAction\",\"target\":[\"http:\/\/www.location-grange-pyrenees.com\/fr\/sejours-seminaires-pyrenees\/\"]}]},{\"@type\":\"BreadcrumbList\",\"@id\":\"http:\/\/www.location-grange-pyrenees.com\/fr\/sejours-seminaires-pyrenees\/#breadcrumb\",\"itemListElement\":[{\"@type\":\"ListItem\",\"position\":1,\"name\":\"Accueil\",\"item\":\"http:\/\/www.location-grange-pyrenees.com\/fr\/\"},{\"@type\":\"ListItem\",\"position\":2,\"name\":\"S\u00e9jours s\u00e9minaires Pyr\u00e9n\u00e9es aux Granges de Jules\"}]}]}<\/script>\n<!-- \/ Yoast SEO plugin. -->","yoast_head_json":{"description":"S\u00e9jours s\u00e9minaires Pyr\u00e9n\u00e9es dans un gite de grande capacit\u00e9 situ\u00e9 dans les hautes pyr\u00e9n\u00e9es - Les Granges de Jules vous accueillent","robots":{"index":"index","follow":"follow","max-snippet":"max-snippet:-1","max-image-preview":"max-image-preview:large","max-video-preview":"max-video-preview:-1"},"canonical":"http:\/\/www.location-grange-pyrenees.com\/fr\/sejours-seminaires-pyrenees\/","og_locale":"fr_FR","og_type":"article","og_title":"S\u00e9jours s\u00e9minaires Pyr\u00e9n\u00e9es aux Granges de Jules","og_description":"S\u00e9jours s\u00e9minaires Pyr\u00e9n\u00e9es dans un gite de grande capacit\u00e9 situ\u00e9 dans les hautes pyr\u00e9n\u00e9es - Les Granges de Jules vous accueillent","og_url":"http:\/\/www.location-grange-pyrenees.com\/fr\/sejours-seminaires-pyrenees\/","og_site_name":"Les Granges de Jules","article_modified_time":"2018-02-20T12:52:26+00:00","og_image":[{"url":"http:\/\/www.location-grange-pyrenees.com\/fr\/nextgen-attach_to_post\/preview\/id--596"}],"twitter_card":"summary","twitter_misc":{"Dur\u00e9e de lecture estim\u00e9e":"3 minutes"},"schema":{"@context":"https:\/\/schema.org","@graph":[{"@type":"WebSite","@id":"https:\/\/www.location-grange-pyrenees.com\/fr\/#website","url":"https:\/\/www.location-grange-pyrenees.com\/fr\/","name":"Les Granges de Jules","description":"Location grange dans les Pyr\u00e9n\u00e9es","potentialAction":[{"@type":"SearchAction","target":{"@type":"EntryPoint","urlTemplate":"https:\/\/www.location-grange-pyrenees.com\/fr\/?s={search_term_string}"},"query-input":"required name=search_term_string"}],"inLanguage":"fr-FR"},{"@type":"ImageObject","@id":"http:\/\/www.location-grange-pyrenees.com\/fr\/sejours-seminaires-pyrenees\/#primaryimage","inLanguage":"fr-FR","url":"http:\/\/www.location-grange-pyrenees.com\/fr\/nextgen-attach_to_post\/preview\/id--596","contentUrl":"http:\/\/www.location-grange-pyrenees.com\/fr\/nextgen-attach_to_post\/preview\/id--596"},{"@type":"WebPage","@id":"http:\/\/www.location-grange-pyrenees.com\/fr\/sejours-seminaires-pyrenees\/#webpage","url":"http:\/\/www.location-grange-pyrenees.com\/fr\/sejours-seminaires-pyrenees\/","name":"S\u00e9jours s\u00e9minaires Pyr\u00e9n\u00e9es aux Granges de Jules","isPartOf":{"@id":"https:\/\/www.location-grange-pyrenees.com\/fr\/#website"},"primaryImageOfPage":{"@id":"http:\/\/www.location-grange-pyrenees.com\/fr\/sejours-seminaires-pyrenees\/#primaryimage"},"datePublished":"2015-04-13T09:19:10+00:00","dateModified":"2018-02-20T12:52:26+00:00","description":"S\u00e9jours s\u00e9minaires Pyr\u00e9n\u00e9es dans un gite de grande capacit\u00e9 situ\u00e9 dans les hautes pyr\u00e9n\u00e9es - Les Granges de Jules vous accueillent","breadcrumb":{"@id":"http:\/\/www.location-grange-pyrenees.com\/fr\/sejours-seminaires-pyrenees\/#breadcrumb"},"inLanguage":"fr-FR","potentialAction":[{"@type":"ReadAction","target":["http:\/\/www.location-grange-pyrenees.com\/fr\/sejours-seminaires-pyrenees\/"]}]},{"@type":"BreadcrumbList","@id":"http:\/\/www.location-grange-pyrenees.com\/fr\/sejours-seminaires-pyrenees\/#breadcrumb","itemListElement":[{"@type":"ListItem","position":1,"name":"Accueil","item":"http:\/\/www.location-grange-pyrenees.com\/fr\/"},{"@type":"ListItem","position":2,"name":"S\u00e9jours s\u00e9minaires Pyr\u00e9n\u00e9es aux Granges de Jules"}]}]}},"_links":{"self":[{"href":"http:\/\/www.location-grange-pyrenees.com\/fr\/wp-json\/wp\/v2\/pages\/12"}],"collection":[{"href":"http:\/\/www.location-grange-pyrenees.com\/fr\/wp-json\/wp\/v2\/pages"}],"about":[{"href":"http:\/\/www.location-grange-pyrenees.com\/fr\/wp-json\/wp\/v2\/types\/page"}],"author":[{"embeddable":true,"href":"http:\/\/www.location-grange-pyrenees.com\/fr\/wp-json\/wp\/v2\/users\/1"}],"replies":[{"embeddable":true,"href":"http:\/\/www.location-grange-pyrenees.com\/fr\/wp-json\/wp\/v2\/comments?post=12"}],"version-history":[{"count":1,"href":"http:\/\/www.location-grange-pyrenees.com\/fr\/wp-json\/wp\/v2\/pages\/12\/revisions"}],"predecessor-version":[{"id":710,"href":"http:\/\/www.location-grange-pyrenees.com\/fr\/wp-json\/wp\/v2\/pages\/12\/revisions\/710"}],"wp:attachment":[{"href":"http:\/\/www.location-grange-pyrenees.com\/fr\/wp-json\/wp\/v2\/media?parent=12"}],"curies":[{"name":"wp","href":"https:\/\/api.w.org\/{rel}","templated":true}]}}